{"id":228,"date":"2026-03-03T04:49:01","date_gmt":"2026-03-03T04:49:01","guid":{"rendered":"https:\/\/millaning.mihost.net\/index.php\/services\/"},"modified":"2026-03-06T07:18:18","modified_gmt":"2026-03-06T07:18:18","slug":"services","status":"publish","type":"page","link":"https:\/\/millaning.com\/wp\/services\/","title":{"rendered":"Services"},"content":{"rendered":"\n<div class=\"wp-block-uagb-container uagb-block-9ed5e6d4 alignfull uagb-is-root-container\"><div class=\"uagb-container-inner-blocks-wrap\">\n<div class=\"wp-block-uagb-info-box uagb-block-d5b134cc uagb-infobox__content-wrap  uagb-infobox-icon-above-title uagb-infobox-image-valign-top\"><div class=\"uagb-ifb-content\"><div class=\"uagb-ifb-title-wrap\"><span class=\"uagb-ifb-title-prefix\">Soluciones Especializadas<\/span><h1 class=\"uagb-ifb-title\">Nuestros Servicios de Ingenier\u00eda Mar\u00edtima<\/h1><\/div><\/div><\/div>\n<\/div><\/div>\n\n\n\n<div class=\"wp-block-uagb-container uagb-block-48009aef alignfull uagb-is-root-container\"><div class=\"uagb-container-inner-blocks-wrap\">\n<div class=\"wp-block-uagb-container uagb-block-5250fd34\">\n<div class=\"wp-block-uagb-container uagb-block-e2a91d97\">\n<div class=\"wp-block-uagb-image alignleft uagb-block-8590ae9a wp-block-uagb-image--layout-default wp-block-uagb-image--effect-static wp-block-uagb-image--align-left\"><figure class=\"wp-block-uagb-image__figure\"><img loading=\"lazy\" decoding=\"async\" srcset=\"https:\/\/millaning.com\/wp\/wp-content\/uploads\/2026\/03\/Rompeolas.png ,https:\/\/millaning.com\/wp\/wp-content\/uploads\/2026\/03\/Rompeolas.png 780w, https:\/\/millaning.com\/wp\/wp-content\/uploads\/2026\/03\/Rompeolas.png 360w\" sizes=\"auto, (max-width: 480px) 150px\" src=\"https:\/\/millaning.com\/wp\/wp-content\/uploads\/2026\/03\/Rompeolas.png\" alt=\"rompeolas\" class=\"uag-image-480\" width=\"600\" height=\"450\" title=\"rompeolas\" loading=\"lazy\" role=\"img\"\/><\/figure><\/div>\n\n\n\n<div class=\"wp-block-uagb-info-box uagb-block-3c7afed0 uagb-infobox__content-wrap  uagb-infobox-icon-above-title uagb-infobox-image-valign-top\"><div class=\"uagb-ifb-content\"><div class=\"uagb-ifb-title-wrap\"><span class=\"uagb-ifb-title-prefix\">01.<\/span><h2 class=\"uagb-ifb-title\">Consultor\u00eda en Dise\u00f1o Mar\u00edtimo<\/h2><\/div><p class=\"uagb-ifb-desc\">Nuestra consultor\u00eda en dise\u00f1o mar\u00edtimo se centra en crear soluciones innovadoras y funcionales que se alineen con las necesidades espec\u00edficas de cada cliente. Utilizamos herramientas avanzadas y t\u00e9cnicas reconocidas en la industria para garantizar la viabilidad y seguridad de cada proyecto. Contamos con un equipo de ingenieros altamente capacitados que colaboran estrechamente con los clientes para ofrecer resultados \u00f3ptimos desde el inicio hasta la culminaci\u00f3n del proyecto. La satisfacci\u00f3n del cliente es nuestra prioridad, y trabajamos en cada fase para superar sus expectativas.<br><br><strong>Estudios b\u00e1sicos:<\/strong> topograf\u00eda, batimetr\u00edas, asesor\u00eda<br>para estudios geot\u00e9cnicos, mediciones de oleajes, de<br>corrientes, esc\u00e1ner lateral, perfilador de fondo, etc.<br><br><strong>An\u00e1lisis:<\/strong> C\u00e1lculos de estructuras, modelos de olea-<br>je, corrientes, morfol\u00f3gicos, elemento finito, ecua-<br>ci\u00f3n de onda en pilotes y otros.<br><br><strong>Documentos:<\/strong> Anteproyectos, memorias de c\u00e1lcu-<br>lo, especificaciones t\u00e9cnicas y planos constructivos.<br><br><strong>Tr\u00e1mites:<\/strong> Permisos de construcci\u00f3n y ambientales,<br>para marinas, muelles y otras instalaciones.<\/p><\/div><\/div>\n<\/div>\n\n\n\n<div class=\"wp-block-uagb-container uagb-block-39480438\">\n<div class=\"wp-block-uagb-image alignleft uagb-block-c0169bf8 wp-block-uagb-image--layout-default wp-block-uagb-image--effect-static wp-block-uagb-image--align-left\"><figure class=\"wp-block-uagb-image__figure\"><img loading=\"lazy\" decoding=\"async\" srcset=\"https:\/\/millaning.com\/wp\/wp-content\/uploads\/2026\/03\/Terminal-de-Contenedores-Moin.png ,https:\/\/millaning.com\/wp\/wp-content\/uploads\/2026\/03\/Terminal-de-Contenedores-Moin.png 780w, https:\/\/millaning.com\/wp\/wp-content\/uploads\/2026\/03\/Terminal-de-Contenedores-Moin.png 360w\" sizes=\"auto, (max-width: 480px) 150px\" src=\"https:\/\/millaning.com\/wp\/wp-content\/uploads\/2026\/03\/Terminal-de-Contenedores-Moin.png\" alt=\"terminal de contenedores mo\u00edn\" class=\"uag-image-481\" width=\"600\" height=\"350\" title=\"terminal de contenedores mo\u00edn\" loading=\"lazy\" role=\"img\"\/><\/figure><\/div>\n\n\n\n<div class=\"wp-block-uagb-info-box uagb-block-57760dfc uagb-infobox__content-wrap  uagb-infobox-icon-above-title uagb-infobox-image-valign-top\"><div class=\"uagb-ifb-content\"><div class=\"uagb-ifb-title-wrap\"><span class=\"uagb-ifb-title-prefix\">02.<\/span><h2 class=\"uagb-ifb-title\">Construcci\u00f3n de Infraestructura Mar\u00edtima<\/h2><\/div><p class=\"uagb-ifb-desc\">En Mill\u00e1n Ingenier\u00eda, nos especializamos en la construcci\u00f3n de infraestructura mar\u00edtima, abarcando desde puertos hasta muelles y otras estructuras costeras. Nuestro enfoque se basa en la planificaci\u00f3n rigurosa y la implementaci\u00f3n de tecnolog\u00edas de vanguardia, lo que nos permite llevar a cabo proyectos complejos de manera eficiente. Valoramos la seguridad en el lugar de trabajo y garantizamos que nuestras operaciones cumplan con todas las normativas y regulaciones vigentes. Cada obra es supervisada por profesionales con experiencia que aseguran la culminaci\u00f3n exitosa y a tiempo.<br><br><strong>Licitaciones:<\/strong> Asesor\u00eda y preparaci\u00f3n de licitaciones<br>p\u00fablicas y privadas.<br><br><strong>Control de obra:<\/strong> Metodolog\u00edas constructivas, pro-<br>gramaciones y otros documentos constructivos.<br><br><strong>Control de calidad:<\/strong> Programas de calidad, an\u00e1lisis<br>y asesor\u00eda en pruebas de laboratorio y otras.<\/p><\/div><\/div>\n<\/div>\n<\/div>\n\n\n\n<div class=\"wp-block-uagb-container uagb-block-58944a93\">\n<div class=\"wp-block-uagb-container uagb-block-62a31330\">\n<div class=\"wp-block-uagb-image alignleft uagb-block-28a63686 wp-block-uagb-image--layout-default wp-block-uagb-image--effect-static wp-block-uagb-image--align-left\"><figure class=\"wp-block-uagb-image__figure\"><img loading=\"lazy\" decoding=\"async\" srcset=\"https:\/\/millaning.com\/wp\/wp-content\/uploads\/2026\/03\/Terminal-Petrolera-de-Moin.png ,https:\/\/millaning.com\/wp\/wp-content\/uploads\/2026\/03\/Terminal-Petrolera-de-Moin.png 780w, https:\/\/millaning.com\/wp\/wp-content\/uploads\/2026\/03\/Terminal-Petrolera-de-Moin.png 360w\" sizes=\"auto, (max-width: 480px) 150px\" src=\"https:\/\/millaning.com\/wp\/wp-content\/uploads\/2026\/03\/Terminal-Petrolera-de-Moin.png\" alt=\"terminal petrolera de mo\u00edn\" class=\"uag-image-479\" width=\"600\" height=\"350\" title=\"terminal petrolera de mo\u00edn\" loading=\"lazy\" role=\"img\"\/><\/figure><\/div>\n\n\n\n<div class=\"wp-block-uagb-info-box uagb-block-b870fe7d uagb-infobox__content-wrap  uagb-infobox-icon-above-title uagb-infobox-image-valign-top\"><div class=\"uagb-ifb-content\"><div class=\"uagb-ifb-title-wrap\"><span class=\"uagb-ifb-title-prefix\">03.<\/span><h2 class=\"uagb-ifb-title\">Inspecci\u00f3n y Mantenimiento<\/h2><\/div><p class=\"uagb-ifb-desc\">Nuestros servicios de inspecci\u00f3n y mantenimiento est\u00e1n dise\u00f1ados para preservar la funcionalidad y prolongar la vida \u00fatil de las estructuras mar\u00edtimas. Realizamos evaluaciones detalladas y propuestas de mejora basadas en el estado actual de cada infraestructura. Nuestro equipo cuenta con los conocimientos y herramientas necesarias para llevar a cabo auditor\u00edas completas, asegurando que los est\u00e1ndares de calidad y seguridad se mantengan siempre. Trabajamos en coordinaci\u00f3n con nuestros clientes para programar intervenciones que minimicen interrupciones y garanticen la continuidad de sus operaciones.<br><br><strong>Aseguramiento de calidad:<\/strong> Inspecciones<br>visuales, pruebas en sitio y de laboratorio.<br><br><strong>Pilotaje:<\/strong> Pruebas de carga est\u00e1ticas y din\u00e1mi-<br>cas para pilotes hincados y colados en sitio.<br><br><strong>Equipos:<\/strong> Espesores ultrasonido, Drones,<br>Volatajes Protecci\u00f3n Cat\u00f3dica, sensor de<br>marea, Celdas de carga, LVDTs, DAQ, gatas<br>hidr\u00e1ulicas, y otros.<br><br><strong>Asesor\u00eda ambiental:<\/strong> Regencia y asesora-<br>miento ambiental, y de seguridad ocupacional.<\/p><\/div><\/div>\n<\/div>\n\n\n\n<div class=\"wp-block-uagb-container uagb-block-a474bc71\">\n<div class=\"wp-block-uagb-image alignleft uagb-block-616a26fd wp-block-uagb-image--layout-default wp-block-uagb-image--effect-static wp-block-uagb-image--align-left\"><figure class=\"wp-block-uagb-image__figure\"><img loading=\"lazy\" decoding=\"async\" srcset=\"https:\/\/millaning.com\/wp\/wp-content\/uploads\/2026\/03\/Rompeolas-de-Puntarenas.png ,https:\/\/millaning.com\/wp\/wp-content\/uploads\/2026\/03\/Rompeolas-de-Puntarenas.png 780w, https:\/\/millaning.com\/wp\/wp-content\/uploads\/2026\/03\/Rompeolas-de-Puntarenas.png 360w\" sizes=\"auto, (max-width: 480px) 150px\" src=\"https:\/\/millaning.com\/wp\/wp-content\/uploads\/2026\/03\/Rompeolas-de-Puntarenas.png\" alt=\"rompeolas de puntarenas\" class=\"uag-image-478\" width=\"600\" height=\"450\" title=\"rompeolas de puntarenas\" loading=\"lazy\" role=\"img\"\/><\/figure><\/div>\n\n\n\n<div class=\"wp-block-uagb-info-box uagb-block-65a70ccb uagb-infobox__content-wrap  uagb-infobox-icon-above-title uagb-infobox-image-valign-top\"><div class=\"uagb-ifb-content\"><div class=\"uagb-ifb-title-wrap\"><span class=\"uagb-ifb-title-prefix\">04.<\/span><h2 class=\"uagb-ifb-title\">Administraci\u00f3n de Proyectos Mar\u00edtimos<\/h2><\/div><p class=\"uagb-ifb-desc\">La administraci\u00f3n de proyectos es crucial para el \u00e9xito en la ingenier\u00eda mar\u00edtima. En Mill\u00e1n Ingenier\u00eda, ofrecemos un enfoque integral que abarca desde la planificaci\u00f3n hasta la ejecuci\u00f3n y cierre del proyecto. Nuestros gerentes de proyecto son expertos en coordinar equipos multidisciplinarios, gestionar recursos, y asegurar que los plazos y presupuestos se respeten. Evaluamos constantemente el progreso y adaptamos las estrategias seg\u00fan sea necesario, garantizando as\u00ed que cada fase del proyecto est\u00e9 alineada con los objetivos del cliente. La comunicaci\u00f3n efectiva con todos los interesados es fundamental para nuestra metodolog\u00eda de trabajo.<br><br><strong>Presupuestos y aval\u00faos:<\/strong> Con \u00e9nfasis en<br>obras de construcci\u00f3n pesada.<br><br><strong>Traducciones:<\/strong> En idioma ingl\u00e9s, con \u00e9nfasis<br>en documentos t\u00e9cnicos.<\/p><\/div><\/div>\n\n\n\n<div class=\"wp-block-uagb-container uagb-block-e8c43c94\"><\/div>\n<\/div>\n<\/div>\n<\/div><\/div>\n\n\n\n<div class=\"wp-block-uagb-container uagb-block-b684870f alignfull uagb-is-root-container\"><div class=\"uagb-container-inner-blocks-wrap\">\n<div class=\"wp-block-uagb-info-box uagb-block-f83a47d8 uagb-infobox__content-wrap  uagb-infobox-icon-above-title uagb-infobox-image-valign-top\"><div class=\"uagb-ifb-content\"><div class=\"uagb-ifb-title-wrap\"><span class=\"uagb-ifb-title-prefix\">Con\u00e9ctate con nosotros<\/span><h2 class=\"uagb-ifb-title\">Descubre C\u00f3mo Podemos Ayudarte en Tu Proyecto<\/h2><\/div><p class=\"uagb-ifb-desc\">Cont\u00e1ctanos hoy y empieza a transformar tus ideas en realidad con nuestra experiencia en ingenier\u00eda mar\u00edtima.<\/p><div class=\"uagb-ifb-button-wrapper wp-block-button\"><a href=\"\/contact\/\" class=\"uagb-infobox-cta-link wp-block-button__link\" target=\"_self\" rel=\"noopener noreferrer\" onclick=\"return true;\" alt=\"\"><span class=\"uagb-inline-editing\">Cont\u00e1ctenos<\/span><\/a><\/div><\/div><\/div>\n<\/div><\/div>\n","protected":false},"excerpt":{"rendered":"","protected":false},"author":1,"featured_media":0,"parent":0,"menu_order":0,"comment_status":"closed","ping_status":"closed","template":"","meta":{"_uag_custom_page_level_css":"","site-sidebar-layout":"default","site-content-layout":"","ast-site-content-layout":"default","site-content-style":"default","site-sidebar-style":"default","ast-global-header-display":"","ast-banner-title-visibility":"","ast-main-header-display":"","ast-hfb-above-header-display":"","ast-hfb-below-header-display":"","ast-hfb-mobile-header-display":"","site-post-title":"disabled","ast-breadcrumbs-content":"","ast-featured-img":"","footer-sml-layout":"","ast-disable-related-posts":"","theme-transparent-header-meta":"enabled","adv-header-id-meta":"","stick-header-meta":"","header-above-stick-meta":"","header-main-stick-meta":"","header-below-stick-meta":"","astra-migrate-meta-layouts":"default","ast-page-background-enabled":"default","ast-page-background-meta":{"desktop":{"background-color":"var(--ast-global-color-4)","background-image":"","background-repeat":"repeat","background-position":"center center","background-size":"auto","background-attachment":"scroll","background-type":"","background-media":"","overlay-type":"","overlay-color":"","overlay-opacity":"","overlay-gradient":""},"tablet":{"background-color":"","background-image":"","background-repeat":"repeat","background-position":"center center","background-size":"auto","background-attachment":"scroll","background-type":"","background-media":"","overlay-type":"","overlay-color":"","overlay-opacity":"","overlay-gradient":""},"mobile":{"background-color":"","background-image":"","background-repeat":"repeat","background-position":"center center","background-size":"auto","background-attachment":"scroll","background-type":"","background-media":"","overlay-type":"","overlay-color":"","overlay-opacity":"","overlay-gradient":""}},"ast-content-background-meta":{"desktop":{"background-color":"var(--ast-global-color-5)","background-image":"","background-repeat":"repeat","background-position":"center center","background-size":"auto","background-attachment":"scroll","background-type":"","background-media":"","overlay-type":"","overlay-color":"","overlay-opacity":"","overlay-gradient":""},"tablet":{"background-color":"var(--ast-global-color-5)","background-image":"","background-repeat":"repeat","background-position":"center center","background-size":"auto","background-attachment":"scroll","background-type":"","background-media":"","overlay-type":"","overlay-color":"","overlay-opacity":"","overlay-gradient":""},"mobile":{"background-color":"var(--ast-global-color-5)","background-image":"","background-repeat":"repeat","background-position":"center center","background-size":"auto","background-attachment":"scroll","background-type":"","background-media":"","overlay-type":"","overlay-color":"","overlay-opacity":"","overlay-gradient":""}},"footnotes":""},"class_list":["post-228","page","type-page","status-publish","hentry"],"uagb_featured_image_src":{"full":false,"thumbnail":false,"medium":false,"medium_large":false,"large":false,"1536x1536":false,"2048x2048":false},"uagb_author_info":{"display_name":"admin","author_link":"https:\/\/millaning.com\/wp\/author\/admin_m9bw13s8\/"},"uagb_comment_info":0,"uagb_excerpt":null,"_links":{"self":[{"href":"https:\/\/millaning.com\/wp\/wp-json\/wp\/v2\/pages\/228","targetHints":{"allow":["GET"]}}],"collection":[{"href":"https:\/\/millaning.com\/wp\/wp-json\/wp\/v2\/pages"}],"about":[{"href":"https:\/\/millaning.com\/wp\/wp-json\/wp\/v2\/types\/page"}],"author":[{"embeddable":true,"href":"https:\/\/millaning.com\/wp\/wp-json\/wp\/v2\/users\/1"}],"replies":[{"embeddable":true,"href":"https:\/\/millaning.com\/wp\/wp-json\/wp\/v2\/comments?post=228"}],"version-history":[{"count":7,"href":"https:\/\/millaning.com\/wp\/wp-json\/wp\/v2\/pages\/228\/revisions"}],"predecessor-version":[{"id":482,"href":"https:\/\/millaning.com\/wp\/wp-json\/wp\/v2\/pages\/228\/revisions\/482"}],"wp:attachment":[{"href":"https:\/\/millaning.com\/wp\/wp-json\/wp\/v2\/media?parent=228"}],"curies":[{"name":"wp","href":"https:\/\/api.w.org\/{rel}","templated":true}]}}