{"id":460,"date":"2026-03-05T01:07:55","date_gmt":"2026-03-05T01:07:55","guid":{"rendered":"https:\/\/millaning.com\/wp\/?page_id=460"},"modified":"2026-03-11T17:46:52","modified_gmt":"2026-03-11T17:46:52","slug":"proyectos","status":"publish","type":"page","link":"https:\/\/millaning.com\/wp\/proyectos\/","title":{"rendered":"Proyectos"},"content":{"rendered":"\n<div class=\"wp-block-uagb-container uagb-block-33914ddc alignfull uagb-is-root-container\"><div class=\"uagb-container-inner-blocks-wrap\">\n<div class=\"wp-block-uagb-info-box uagb-block-32540a6c uagb-infobox__content-wrap  uagb-infobox-icon-above-title uagb-infobox-image-valign-top\"><div class=\"uagb-ifb-content\"><div class=\"uagb-ifb-title-wrap\"><span class=\"uagb-ifb-title-prefix\">Ingenier\u00eda Mar\u00edtima<\/span><h1 class=\"uagb-ifb-title\">Soluciones Eficientes y de Calidad<\/h1><\/div><p class=\"uagb-ifb-desc\">En Mill\u00e1n Ingenier\u00eda, ofrecemos experiencia y compromiso en proyectos de ingenier\u00eda mar\u00edtima en Costa Rica y Centroam\u00e9rica.<\/p><div class=\"uagb-ifb-button-wrapper wp-block-button\"><a href=\"contact\/\" class=\"uagb-infobox-cta-link wp-block-button__link\" target=\"_self\" rel=\"noopener noreferrer\" onclick=\"return true;\"><span class=\"uagb-inline-editing\">Cont\u00e1ctenos<\/span><\/a><\/div><\/div><\/div>\n<\/div><\/div>\n\n\n\n<div class=\"wp-block-uagb-container uagb-block-5b740152 alignfull uagb-is-root-container\"><div class=\"uagb-container-inner-blocks-wrap\">\n<div class=\"wp-block-uagb-container uagb-block-590aa15a\">\n<div class=\"wp-block-uagb-info-box uagb-block-2359313e uagb-infobox__content-wrap  uagb-infobox-icon-above-title uagb-infobox-image-valign-top\"><div class=\"uagb-ifb-content\"><div class=\"uagb-ifb-title-wrap\"><span class=\"uagb-ifb-title-prefix\">proyectos<\/span><h2 class=\"uagb-ifb-title\">Compromiso y Eficiencia en Ingenier\u00eda<\/h2><\/div><\/div><\/div>\n\n\n\n<div class=\"wp-block-uagb-container uagb-block-dd9c7f48\">\n<figure class=\"wp-block-image size-full is-resized\"><img fetchpriority=\"high\" decoding=\"async\" width=\"657\" height=\"446\" src=\"https:\/\/millaning.com\/wp\/wp-content\/uploads\/2026\/03\/Marina-Flamingo.png\" alt=\"marina flamingo\" class=\"wp-image-484\" style=\"width:500px\" title=\"Proyectos\" srcset=\"https:\/\/millaning.com\/wp\/wp-content\/uploads\/2026\/03\/Marina-Flamingo.png 657w, https:\/\/millaning.com\/wp\/wp-content\/uploads\/2026\/03\/Marina-Flamingo-300x204.png 300w\" sizes=\"(max-width: 657px) 100vw, 657px\" \/><\/figure>\n\n\n\n<figure class=\"wp-block-image size-full is-resized\"><img decoding=\"async\" width=\"602\" height=\"452\" src=\"https:\/\/millaning.com\/wp\/wp-content\/uploads\/2026\/03\/Terminal-de-Contenedores-Moin.png\" alt=\"terminal de contenedores mo\u00edn\" class=\"wp-image-481\" style=\"width:500px\" title=\"Proyectos\" srcset=\"https:\/\/millaning.com\/wp\/wp-content\/uploads\/2026\/03\/Terminal-de-Contenedores-Moin.png 602w, https:\/\/millaning.com\/wp\/wp-content\/uploads\/2026\/03\/Terminal-de-Contenedores-Moin-300x225.png 300w\" sizes=\"(max-width: 602px) 100vw, 602px\" \/><\/figure>\n\n\n\n<figure class=\"wp-block-image size-full is-resized\"><img decoding=\"async\" width=\"514\" height=\"519\" src=\"https:\/\/millaning.com\/wp\/wp-content\/uploads\/2026\/03\/Rompeolas.png\" alt=\"rompeolas\" class=\"wp-image-480\" style=\"width:500px\" title=\"Proyectos\" srcset=\"https:\/\/millaning.com\/wp\/wp-content\/uploads\/2026\/03\/Rompeolas.png 514w, https:\/\/millaning.com\/wp\/wp-content\/uploads\/2026\/03\/Rompeolas-297x300.png 297w, https:\/\/millaning.com\/wp\/wp-content\/uploads\/2026\/03\/Rompeolas-150x150.png 150w\" sizes=\"(max-width: 514px) 100vw, 514px\" \/><\/figure>\n<\/div>\n<\/div>\n\n\n\n<div class=\"wp-block-uagb-container uagb-block-6ec428b1\">\n<h2 class=\"wp-block-heading\">PROYECTOS COSTA RICA:<\/h2>\n\n\n\n<ul class=\"wp-block-list\">\n<li>Carretera Angostura, Puntarenas<\/li>\n\n\n\n<li>Planta Tratamiento Puerto Viejo<\/li>\n\n\n\n<li>Marina Flamingo, Guanacaste<\/li>\n\n\n\n<li>Muelle Municipal, Golfito<\/li>\n\n\n\n<li>Pantalla Principal Caldera<\/li>\n\n\n\n<li>Marina Pez Vela, Quepos<\/li>\n\n\n\n<li>Rompeolas Principal Caldera<\/li>\n\n\n\n<li>Terminal Contenedores Moin<\/li>\n\n\n\n<li>Terminal Petrolera de Mo\u00edn<\/li>\n\n\n\n<li>Muelle 5-7 de Mo\u00edn<\/li>\n\n\n\n<li>Muelle Ferries Paquera\/ Naranjo<\/li>\n\n\n\n<li>Muelle Granelero de Caldera<\/li>\n\n\n\n<li>Muelle de Punta Morales<\/li>\n\n\n\n<li>Tuber\u00eda Submarina La Islita<\/li>\n\n\n\n<li>Programa Saneamiento El Coco, Tamarindo y Puntarenas.<\/li>\n<\/ul>\n\n\n\n<div class=\"wp-block-uagb-container uagb-block-80a950b1\">\n<div class=\"wp-block-uagb-buttons uagb-buttons__outer-wrap uagb-btn__default-btn uagb-btn-tablet__default-btn uagb-btn-mobile__default-btn uagb-block-2993909d\"><div class=\"uagb-buttons__wrap uagb-buttons-layout-wrap \">\n<div class=\"wp-block-uagb-buttons-child uagb-buttons__outer-wrap uagb-block-e2d8bf46 wp-block-button\"><div class=\"uagb-button__wrapper\"><a class=\"uagb-buttons-repeater wp-block-button__link\" aria-label=\"\" href=\"https:\/\/millaning.com\/wp\/proyectos-costa-rica\/\" rel=\"follow noopener\" target=\"_self\" role=\"button\"><div class=\"uagb-button__link\">ver m\u00e1s<\/div><\/a><\/div><\/div>\n<\/div><\/div>\n<\/div>\n\n\n\n<div style=\"height:1px\" aria-hidden=\"true\" class=\"wp-block-spacer\"><\/div>\n\n\n\n<div class=\"wp-block-uagb-advanced-heading uagb-block-12e5f974\"><h2 class=\"uagb-heading-text\">PROYECTOS INTERNACIONALES:<\/h2><\/div>\n\n\n\n<ul class=\"wp-block-list\">\n<li>MAPA, Arauco, CHILE<\/li>\n\n\n\n<li>Plataformas , ARABIA SAUDITA<\/li>\n\n\n\n<li>Muelle Ferries, BAHAMAS<\/li>\n\n\n\n<li>REPIMEX, GUATEMALA<\/li>\n<\/ul>\n\n\n\n<div class=\"wp-block-uagb-container uagb-block-44f05552\">\n<div class=\"wp-block-uagb-buttons uagb-buttons__outer-wrap uagb-btn__default-btn uagb-btn-tablet__default-btn uagb-btn-mobile__default-btn uagb-block-908bc72f\"><div class=\"uagb-buttons__wrap uagb-buttons-layout-wrap \">\n<div class=\"wp-block-uagb-buttons-child uagb-buttons__outer-wrap uagb-block-f9b24240 wp-block-button\"><div class=\"uagb-button__wrapper\"><a class=\"uagb-buttons-repeater wp-block-button__link\" aria-label=\"\" href=\"#\" rel=\"follow noopener\" target=\"_self\" role=\"button\"><div class=\"uagb-button__link\">ver m\u00e1s<\/div><\/a><\/div><\/div>\n<\/div><\/div>\n<\/div>\n<\/div>\n<\/div><\/div>\n\n\n\n<div class=\"wp-block-uagb-container uagb-block-b684870f alignfull uagb-is-root-container\"><div class=\"uagb-container-inner-blocks-wrap\">\n<div class=\"wp-block-uagb-info-box uagb-block-f83a47d8 uagb-infobox__content-wrap  uagb-infobox-icon-above-title uagb-infobox-image-valign-top\"><div class=\"uagb-ifb-content\"><div class=\"uagb-ifb-title-wrap\"><span class=\"uagb-ifb-title-prefix\">Con\u00e9ctate con nosotros<\/span><h2 class=\"uagb-ifb-title\">Descubre C\u00f3mo Podemos Ayudarte en Tu Proyecto<\/h2><\/div><p class=\"uagb-ifb-desc\">Cont\u00e1ctanos hoy y empieza a transformar tus ideas en realidad con nuestra experiencia en ingenier\u00eda mar\u00edtima.<\/p><div class=\"uagb-ifb-button-wrapper wp-block-button\"><a href=\"\/contact\/\" class=\"uagb-infobox-cta-link wp-block-button__link\" target=\"_self\" rel=\"noopener noreferrer\" onclick=\"return true;\" alt=\"\"><span class=\"uagb-inline-editing\">Cont\u00e1ctenos<\/span><\/a><\/div><\/div><\/div>\n<\/div><\/div>\n\n\n\n<p><\/p>\n","protected":false},"excerpt":{"rendered":"<p>PROYECTOS COSTA RICA: PROYECTOS INTERNACIONALES:<\/p>\n","protected":false},"author":1,"featured_media":0,"parent":0,"menu_order":0,"comment_status":"closed","ping_status":"closed","template":"","meta":{"_uag_custom_page_level_css":"","site-sidebar-layout":"default","site-content-layout":"","ast-site-content-layout":"default","site-content-style":"default","site-sidebar-style":"default","ast-global-header-display":"","ast-banner-title-visibility":"","ast-main-header-display":"","ast-hfb-above-header-display":"","ast-hfb-below-header-display":"","ast-hfb-mobile-header-display":"","site-post-title":"disabled","ast-breadcrumbs-content":"","ast-featured-img":"","footer-sml-layout":"","ast-disable-related-posts":"","theme-transparent-header-meta":"enabled","adv-header-id-meta":"","stick-header-meta":"","header-above-stick-meta":"","header-main-stick-meta":"","header-below-stick-meta":"","astra-migrate-meta-layouts":"default","ast-page-background-enabled":"default","ast-page-background-meta":{"desktop":{"background-color":"var(--ast-global-color-4)","background-image":"","background-repeat":"repeat","background-position":"center center","background-size":"auto","background-attachment":"scroll","background-type":"","background-media":"","overlay-type":"","overlay-color":"","overlay-opacity":"","overlay-gradient":""},"tablet":{"background-color":"","background-image":"","background-repeat":"repeat","background-position":"center center","background-size":"auto","background-attachment":"scroll","background-type":"","background-media":"","overlay-type":"","overlay-color":"","overlay-opacity":"","overlay-gradient":""},"mobile":{"background-color":"","background-image":"","background-repeat":"repeat","background-position":"center center","background-size":"auto","background-attachment":"scroll","background-type":"","background-media":"","overlay-type":"","overlay-color":"","overlay-opacity":"","overlay-gradient":""}},"ast-content-background-meta":{"desktop":{"background-color":"var(--ast-global-color-5)","background-image":"","background-repeat":"repeat","background-position":"center center","background-size":"auto","background-attachment":"scroll","background-type":"","background-media":"","overlay-type":"","overlay-color":"","overlay-opacity":"","overlay-gradient":""},"tablet":{"background-color":"var(--ast-global-color-5)","background-image":"","background-repeat":"repeat","background-position":"center center","background-size":"auto","background-attachment":"scroll","background-type":"","background-media":"","overlay-type":"","overlay-color":"","overlay-opacity":"","overlay-gradient":""},"mobile":{"background-color":"var(--ast-global-color-5)","background-image":"","background-repeat":"repeat","background-position":"center center","background-size":"auto","background-attachment":"scroll","background-type":"","background-media":"","overlay-type":"","overlay-color":"","overlay-opacity":"","overlay-gradient":""}},"footnotes":""},"class_list":["post-460","page","type-page","status-publish","hentry"],"uagb_featured_image_src":{"full":false,"thumbnail":false,"medium":false,"medium_large":false,"large":false,"1536x1536":false,"2048x2048":false},"uagb_author_info":{"display_name":"admin","author_link":"https:\/\/millaning.com\/wp\/author\/admin_m9bw13s8\/"},"uagb_comment_info":0,"uagb_excerpt":"PROYECTOS COSTA RICA: PROYECTOS INTERNACIONALES:","_links":{"self":[{"href":"https:\/\/millaning.com\/wp\/wp-json\/wp\/v2\/pages\/460","targetHints":{"allow":["GET"]}}],"collection":[{"href":"https:\/\/millaning.com\/wp\/wp-json\/wp\/v2\/pages"}],"about":[{"href":"https:\/\/millaning.com\/wp\/wp-json\/wp\/v2\/types\/page"}],"author":[{"embeddable":true,"href":"https:\/\/millaning.com\/wp\/wp-json\/wp\/v2\/users\/1"}],"replies":[{"embeddable":true,"href":"https:\/\/millaning.com\/wp\/wp-json\/wp\/v2\/comments?post=460"}],"version-history":[{"count":14,"href":"https:\/\/millaning.com\/wp\/wp-json\/wp\/v2\/pages\/460\/revisions"}],"predecessor-version":[{"id":510,"href":"https:\/\/millaning.com\/wp\/wp-json\/wp\/v2\/pages\/460\/revisions\/510"}],"wp:attachment":[{"href":"https:\/\/millaning.com\/wp\/wp-json\/wp\/v2\/media?parent=460"}],"curies":[{"name":"wp","href":"https:\/\/api.w.org\/{rel}","templated":true}]}}